{"id":377,"date":"2024-08-07T20:35:04","date_gmt":"2024-08-07T20:35:04","guid":{"rendered":"https:\/\/oms.com.mx\/?post_type=product&#038;p=377"},"modified":"2025-04-21T16:32:40","modified_gmt":"2025-04-21T16:32:40","slug":"toyobo","status":"publish","type":"product","link":"https:\/\/oms.com.mx\/index.php\/product\/toyobo\/","title":{"rendered":"PLACAS PARA FLEXOGRAF\u00cdA TOYOBO (Cosmolight MR)"},"content":{"rendered":"<p><b><span data-contrast=\"auto\">TOYOBO y OMS: Revolucionando la impresi\u00f3n flexogr\u00e1fica con placas lavables en agua<\/span><\/b><span data-ccp-props=\"{&quot;201341983&quot;:0,&quot;335551550&quot;:6,&quot;335551620&quot;:6,&quot;335559739&quot;:160,&quot;335559740&quot;:259}\">\u00a0<\/span><\/p>\n<p><b><span data-contrast=\"auto\">Experimente la tecnolog\u00eda de vanguardia en placas flexogr\u00e1ficas con TOYOBO, el l\u00edder mundial en placas lavables en agua.<\/span><\/b><\/p>\n<p>&nbsp;<\/p>\n<p><b><span data-contrast=\"auto\">Ventajas incomparables:<\/span><\/b><span data-ccp-props=\"{&quot;201341983&quot;:0,&quot;335551550&quot;:6,&quot;335551620&quot;:6,&quot;335559739&quot;:160,&quot;335559740&quot;:259}\">\u00a0<\/span><\/p>\n<ul>\n<li data-leveltext=\"\uf0b7\" data-font=\"Symbol\" data-listid=\"15\" data-list-defn-props=\"{&quot;335552541&quot;:1,&quot;335559685&quot;:720,&quot;335559991&quot;:360,&quot;469769226&quot;:&quot;Symbol&quot;,&quot;469769242&quot;:[8226],&quot;469777803&quot;:&quot;left&quot;,&quot;469777804&quot;:&quot;\uf0b7&quot;,&quot;469777815&quot;:&quot;multilevel&quot;}\" aria-setsize=\"-1\" data-aria-posinset=\"1\" data-aria-level=\"1\"><b><span data-contrast=\"auto\">Pioneros en la tecnolog\u00eda de lavado en agua:<\/span><\/b><span data-contrast=\"auto\"> Disfrute de placas lavables con agua, una innovaci\u00f3n que marca un hito en la industria flexogr\u00e1fica.<\/span><span data-ccp-props=\"{&quot;201341983&quot;:0,&quot;335551550&quot;:6,&quot;335551620&quot;:6,&quot;335559739&quot;:160,&quot;335559740&quot;:259}\">\u00a0<\/span><\/li>\n<\/ul>\n<ul>\n<li data-leveltext=\"\uf0b7\" data-font=\"Symbol\" data-listid=\"15\" data-list-defn-props=\"{&quot;335552541&quot;:1,&quot;335559685&quot;:720,&quot;335559991&quot;:360,&quot;469769226&quot;:&quot;Symbol&quot;,&quot;469769242&quot;:[8226],&quot;469777803&quot;:&quot;left&quot;,&quot;469777804&quot;:&quot;\uf0b7&quot;,&quot;469777815&quot;:&quot;multilevel&quot;}\" aria-setsize=\"-1\" data-aria-posinset=\"2\" data-aria-level=\"1\"><b><span data-contrast=\"auto\">Durabilidad y calidad excepcionales:<\/span><\/b><span data-contrast=\"auto\"> Imprima con tintas base agua y base solvente con placas de alta durabilidad y calidad de impresi\u00f3n superior.<\/span><span data-ccp-props=\"{&quot;201341983&quot;:0,&quot;335551550&quot;:6,&quot;335551620&quot;:6,&quot;335559739&quot;:160,&quot;335559740&quot;:259}\">\u00a0<\/span><\/li>\n<\/ul>\n<ul>\n<li data-leveltext=\"\uf0b7\" data-font=\"Symbol\" data-listid=\"15\" data-list-defn-props=\"{&quot;335552541&quot;:1,&quot;335559685&quot;:720,&quot;335559991&quot;:360,&quot;469769226&quot;:&quot;Symbol&quot;,&quot;469769242&quot;:[8226],&quot;469777803&quot;:&quot;left&quot;,&quot;469777804&quot;:&quot;\uf0b7&quot;,&quot;469777815&quot;:&quot;multilevel&quot;}\" aria-setsize=\"-1\" data-aria-posinset=\"3\" data-aria-level=\"1\"><b><span data-contrast=\"auto\">Proceso ecol\u00f3gico:<\/span><\/b><span data-contrast=\"auto\"> Elimine el uso de solventes t\u00f3xicos y reduzca su impacto ambiental con nuestro proceso de lavado libre de solventes.<\/span><span data-ccp-props=\"{&quot;201341983&quot;:0,&quot;335551550&quot;:6,&quot;335551620&quot;:6,&quot;335559739&quot;:160,&quot;335559740&quot;:259}\">\u00a0<\/span><\/li>\n<\/ul>\n<ul>\n<li data-leveltext=\"\uf0b7\" data-font=\"Symbol\" data-listid=\"15\" data-list-defn-props=\"{&quot;335552541&quot;:1,&quot;335559685&quot;:720,&quot;335559991&quot;:360,&quot;469769226&quot;:&quot;Symbol&quot;,&quot;469769242&quot;:[8226],&quot;469777803&quot;:&quot;left&quot;,&quot;469777804&quot;:&quot;\uf0b7&quot;,&quot;469777815&quot;:&quot;multilevel&quot;}\" aria-setsize=\"-1\" data-aria-posinset=\"4\" data-aria-level=\"1\"><b><span data-contrast=\"auto\">Eficiencia optimizada:<\/span><\/b><span data-contrast=\"auto\"> Minimice los tiempos de procesamiento y aumente su productividad con nuestras placas de r\u00e1pida elaboraci\u00f3n.<\/span><span data-ccp-props=\"{&quot;201341983&quot;:0,&quot;335551550&quot;:6,&quot;335551620&quot;:6,&quot;335559739&quot;:160,&quot;335559740&quot;:259}\">\u00a0<\/span><\/li>\n<\/ul>\n<ul>\n<li data-leveltext=\"\uf0b7\" data-font=\"Symbol\" data-listid=\"15\" data-list-defn-props=\"{&quot;335552541&quot;:1,&quot;335559685&quot;:720,&quot;335559991&quot;:360,&quot;469769226&quot;:&quot;Symbol&quot;,&quot;469769242&quot;:[8226],&quot;469777803&quot;:&quot;left&quot;,&quot;469777804&quot;:&quot;\uf0b7&quot;,&quot;469777815&quot;:&quot;multilevel&quot;}\" aria-setsize=\"-1\" data-aria-posinset=\"5\" data-aria-level=\"1\"><b><span data-contrast=\"auto\">Detallado excepcional:<\/span><\/b><span data-contrast=\"auto\"> Obtenga impresiones de mayor nitidez y precisi\u00f3n gracias a la reproducci\u00f3n de l\u00edneas m\u00e1s finas.<\/span><span data-ccp-props=\"{&quot;201341983&quot;:0,&quot;335551550&quot;:6,&quot;335551620&quot;:6,&quot;335559739&quot;:160,&quot;335559740&quot;:259}\">\u00a0<\/span><\/li>\n<\/ul>\n<ul>\n<li data-leveltext=\"\uf0b7\" data-font=\"Symbol\" data-listid=\"15\" data-list-defn-props=\"{&quot;335552541&quot;:1,&quot;335559685&quot;:720,&quot;335559991&quot;:360,&quot;469769226&quot;:&quot;Symbol&quot;,&quot;469769242&quot;:[8226],&quot;469777803&quot;:&quot;left&quot;,&quot;469777804&quot;:&quot;\uf0b7&quot;,&quot;469777815&quot;:&quot;multilevel&quot;}\" aria-setsize=\"-1\" data-aria-posinset=\"6\" data-aria-level=\"1\"><b><span data-contrast=\"auto\">Compromiso con la sostenibilidad:<\/span><\/b><span data-contrast=\"auto\"> Contribuya a un futuro m\u00e1s verde con placas lavables en agua que minimizan el impacto ambiental.<\/span><span data-ccp-props=\"{&quot;201341983&quot;:0,&quot;335551550&quot;:6,&quot;335551620&quot;:6,&quot;335559739&quot;:160,&quot;335559740&quot;:259}\">\u00a0<\/span><\/li>\n<\/ul>\n<p>&nbsp;<\/p>\n<p><span class=\"TextRun SCXW35197570 BCX0\" lang=\"ES-MX\" xml:lang=\"ES-MX\" data-contrast=\"auto\"><span class=\"NormalTextRun SCXW35197570 BCX0\">TOYOBO: Su socio para una impresi\u00f3n flexogr\u00e1fica de vanguardia<\/span><\/span><span class=\"EOP SCXW35197570 BCX0\" data-ccp-props=\"{&quot;201341983&quot;:0,&quot;335551550&quot;:6,&quot;335551620&quot;:6,&quot;335559739&quot;:160,&quot;335559740&quot;:259}\">\u00a0<\/span><\/p>\n<p>&nbsp;<\/p>\n<table style=\"width: 100%; margin: 0 auto; table-layout: fixed;\">\n<tbody>\n<tr>\n<td style=\"padding: 5px;\">\n        <iframe src=\"https:\/\/www.youtube.com\/embed\/WXqE2TTN0aI\" width=\"100%\" height=\"200\" frameborder=\"0\" allowfullscreen><\/iframe>\n      <\/td>\n<\/tr>\n<\/tbody>\n<\/table>\n","protected":false},"excerpt":{"rendered":"<p>TOYOBO y OMS: Revolucionando la impresi\u00f3n flexogr\u00e1fica con placas lavables en agua\u00a0 Experimente la tecnolog\u00eda de vanguardia en placas flexogr\u00e1ficas con TOYOBO, el l\u00edder mundial en placas lavables en agua. &nbsp; Ventajas incomparables:\u00a0 Pioneros en la tecnolog\u00eda de lavado en agua: Disfrute de placas lavables con agua, una innovaci\u00f3n que marca un hito en la [&hellip;]<\/p>\n","protected":false},"featured_media":588,"comment_status":"open","ping_status":"closed","template":"","meta":[],"product_cat":[17],"product_tag":[],"_links":{"self":[{"href":"https:\/\/oms.com.mx\/index.php\/wp-json\/wp\/v2\/product\/377"}],"collection":[{"href":"https:\/\/oms.com.mx\/index.php\/wp-json\/wp\/v2\/product"}],"about":[{"href":"https:\/\/oms.com.mx\/index.php\/wp-json\/wp\/v2\/types\/product"}],"replies":[{"embeddable":true,"href":"https:\/\/oms.com.mx\/index.php\/wp-json\/wp\/v2\/comments?post=377"}],"wp:featuredmedia":[{"embeddable":true,"href":"https:\/\/oms.com.mx\/index.php\/wp-json\/wp\/v2\/media\/588"}],"wp:attachment":[{"href":"https:\/\/oms.com.mx\/index.php\/wp-json\/wp\/v2\/media?parent=377"}],"wp:term":[{"taxonomy":"product_cat","embeddable":true,"href":"https:\/\/oms.com.mx\/index.php\/wp-json\/wp\/v2\/product_cat?post=377"},{"taxonomy":"product_tag","embeddable":true,"href":"https:\/\/oms.com.mx\/index.php\/wp-json\/wp\/v2\/product_tag?post=377"}],"curies":[{"name":"wp","href":"https:\/\/api.w.org\/{rel}","templated":true}]}}