{"id":151,"date":"2024-06-18T21:53:16","date_gmt":"2024-06-18T21:53:16","guid":{"rendered":"https:\/\/oms.com.mx\/?post_type=product&#038;p=151"},"modified":"2025-04-21T16:23:10","modified_gmt":"2025-04-21T16:23:10","slug":"screen","status":"publish","type":"product","link":"https:\/\/oms.com.mx\/index.php\/product\/screen\/","title":{"rendered":"SCREEN"},"content":{"rendered":"<p style=\"text-align: left;\"><span class=\"TextRun SCXW116106537 BCX0\" lang=\"ES-MX\" xml:lang=\"ES-MX\" data-contrast=\"auto\"><span class=\"NormalTextRun SCXW116106537 BCX0\">SCREEN<\/span><\/span><span class=\"EOP SCXW116106537 BCX0\" data-ccp-props=\"{&quot;201341983&quot;:0,&quot;335559739&quot;:160,&quot;335559740&quot;:259}\">\u00a0<\/span><\/p>\n<p style=\"text-align: left;\"><span class=\"TextRun SCXW180367786 BCX0\" lang=\"ES-MX\" xml:lang=\"ES-MX\" data-contrast=\"auto\"><span class=\"NormalTextRun SCXW180367786 BCX0\">SCREEN ofrece una amplia gama de soluciones para las artes gr\u00e1ficas, abarcando diversos mercados de impresi\u00f3n con un enfoque en la alta velocidad, la calidad y la eficiencia.<\/span><\/span><\/p>\n<ol style=\"text-align: left;\">\n<li><b><span data-contrast=\"auto\"> Impresi\u00f3n de alta velocidad en inyecci\u00f3n de tinta:<\/span><\/b><\/li>\n<\/ol>\n<p style=\"text-align: left;\"><b><span data-contrast=\"auto\">Impresoras SCREEN Truepress 520 y Truepress 560:<\/span><\/b><span data-contrast=\"auto\"> Reconocidas por su velocidad sin igual, calidad de imagen excepcional y versatilidad para una amplia gama de aplicaciones, incluyendo impresi\u00f3n comercial, libros, peri\u00f3dicos y empaques.\u00a0<\/span><span data-ccp-props=\"{&quot;201341983&quot;:0,&quot;335559739&quot;:160,&quot;335559740&quot;:259}\">\u00a0<\/span><\/p>\n<ol style=\"text-align: left;\" start=\"2\">\n<li><b><span data-contrast=\"auto\"> Etiquetas y empaque:<\/span><\/b><\/li>\n<\/ol>\n<p style=\"text-align: left;\"><b><span data-contrast=\"auto\">Sistemas de impresi\u00f3n SCREEN Truepress Jet L350UV SAI :<\/span><\/b><span data-contrast=\"auto\"> Soluciones de alta productividad para la impresi\u00f3n de etiquetas y empaques flexibles, ofreciendo m\u00e1xima calidad, flexibilidad y eficiencia en la producci\u00f3n.\u00a0<\/span><span data-ccp-props=\"{&quot;201341983&quot;:0,&quot;335559739&quot;:160,&quot;335559740&quot;:259}\">\u00a0<\/span><\/p>\n<p style=\"text-align: left;\"><span class=\"TextRun SCXW224221311 BCX0\" lang=\"ES-MX\" xml:lang=\"ES-MX\" data-contrast=\"auto\"><span class=\"NormalTextRun SCXW224221311 BCX0\">Sistemas de impresi\u00f3n SCREEN <\/span><span class=\"NormalTextRun SpellingErrorV2Themed SCXW224221311 BCX0\">Truepress<\/span><span class=\"NormalTextRun SCXW224221311 BCX0\"> P<\/span><span class=\"NormalTextRun SCXW224221311 BCX0\">AC 520P<\/span><\/span><span class=\"TextRun SCXW224221311 BCX0\" lang=\"ES-MX\" xml:lang=\"ES-MX\" data-contrast=\"auto\"><span class=\"NormalTextRun SCXW224221311 BCX0\"> para impresi\u00f3n de empaque sobre papel, con tintas base agua:<\/span><span class=\"NormalTextRun SCXW224221311 BCX0\">\u00a0<\/span><\/span><span class=\"EOP SCXW224221311 BCX0\" data-ccp-props=\"{&quot;201341983&quot;:0,&quot;335559739&quot;:160,&quot;335559740&quot;:259}\">\u00a0<\/span><\/p>\n<p style=\"text-align: left;\"><span data-contrast=\"auto\">Los equipos SCREEN prov een los siguientes beneficios:<\/span><span data-ccp-props=\"{&quot;201341983&quot;:0,&quot;335559739&quot;:160,&quot;335559740&quot;:259}\">\u00a0<\/span><\/p>\n<p style=\"text-align: left;\"><b><span data-contrast=\"auto\">Personalizaci\u00f3n para cada necesidad:<\/span><\/b><span data-ccp-props=\"{&quot;201341983&quot;:0,&quot;335559739&quot;:160,&quot;335559740&quot;:259}\">\u00a0<\/span><\/p>\n<ul style=\"text-align: left;\">\n<li data-leveltext=\"\uf0d8\" data-font=\"Wingdings\" data-listid=\"2\" data-list-defn-props=\"{&quot;335552541&quot;:1,&quot;335559685&quot;:720,&quot;335559991&quot;:360,&quot;469769226&quot;:&quot;Wingdings&quot;,&quot;469769242&quot;:[8226],&quot;469777803&quot;:&quot;left&quot;,&quot;469777804&quot;:&quot;\uf0d8&quot;,&quot;469777815&quot;:&quot;hybridMultilevel&quot;}\" aria-setsize=\"-1\" data-aria-posinset=\"1\" data-aria-level=\"1\"><b><span data-contrast=\"auto\">Enfoque en la innovaci\u00f3n: <\/span><\/b><span data-contrast=\"auto\">SCREEN se compromete con la innovaci\u00f3n constante, desarrollando tecnolog\u00edas de vanguardia que satisfacen las demandas cambiantes del mercado.<\/span><span data-ccp-props=\"{&quot;201341983&quot;:0,&quot;335559739&quot;:160,&quot;335559740&quot;:259}\">\u00a0<\/span><\/li>\n<\/ul>\n<ul style=\"text-align: right;\">\n<li data-leveltext=\"\uf0d8\" data-font=\"Wingdings\" data-listid=\"2\" data-list-defn-props=\"{&quot;335552541&quot;:1,&quot;335559685&quot;:720,&quot;335559991&quot;:360,&quot;469769226&quot;:&quot;Wingdings&quot;,&quot;469769242&quot;:[8226],&quot;469777803&quot;:&quot;left&quot;,&quot;469777804&quot;:&quot;\uf0d8&quot;,&quot;469777815&quot;:&quot;hybridMultilevel&quot;}\" aria-setsize=\"-1\" data-aria-posinset=\"2\" data-aria-level=\"1\"><b><span data-contrast=\"auto\">Sostenibilidad:<\/span><\/b><span data-contrast=\"auto\"> Las soluciones SCREEN est\u00e1n dise\u00f1adas para minimizar el impacto ambiental, utilizando procesos eficientes y reduciendo el consumo de energ\u00eda y recursos.<\/span><span data-ccp-props=\"{&quot;201341983&quot;:0,&quot;335559739&quot;:160,&quot;335559740&quot;:259}\">\u00a0<\/span><\/li>\n<li style=\"text-align: left;\" data-leveltext=\"\uf0d8\" data-font=\"Wingdings\" data-listid=\"2\" data-list-defn-props=\"{&quot;335552541&quot;:1,&quot;335559685&quot;:720,&quot;335559991&quot;:360,&quot;469769226&quot;:&quot;Wingdings&quot;,&quot;469769242&quot;:[8226],&quot;469777803&quot;:&quot;left&quot;,&quot;469777804&quot;:&quot;\uf0d8&quot;,&quot;469777815&quot;:&quot;hybridMultilevel&quot;}\" aria-setsize=\"-1\" data-aria-posinset=\"3\" data-aria-level=\"1\"><b><span data-contrast=\"auto\">Calidad:<\/span><\/b><span data-contrast=\"auto\"> La calidad de imagen superior es un sello distintivo de las soluciones SCREEN, garantizando resultados excepcionales en cada aplicaci\u00f3n.<\/span><span data-ccp-props=\"{&quot;201341983&quot;:0,&quot;335559739&quot;:160,&quot;335559740&quot;:259}\">\u00a0<\/span><\/li>\n<li style=\"text-align: left;\" data-leveltext=\"\uf0d8\" data-font=\"Wingdings\" data-listid=\"2\" data-list-defn-props=\"{&quot;335552541&quot;:1,&quot;335559685&quot;:720,&quot;335559991&quot;:360,&quot;469769226&quot;:&quot;Wingdings&quot;,&quot;469769242&quot;:[8226],&quot;469777803&quot;:&quot;left&quot;,&quot;469777804&quot;:&quot;\uf0d8&quot;,&quot;469777815&quot;:&quot;hybridMultilevel&quot;}\" aria-setsize=\"-1\" data-aria-posinset=\"4\" data-aria-level=\"1\"><b><span data-contrast=\"auto\">Productividad:<\/span><\/b><span data-contrast=\"auto\"><span data-contrast=\"auto\"> La alta velocidad y la eficiencia de las soluciones SCREEN optimizan los tiempos de producci\u00f3n y reducen costos.<\/span><\/span><\/li>\n<\/ul>\n<p>&nbsp;<\/p>\n<table style=\"width: 100%; margin: 0 auto; table-layout: fixed;\">\n<tbody>\n<tr>\n<td style=\"padding: 5px;\"><iframe src=\"https:\/\/www.youtube.com\/embed\/ss_7kDAUGos\" width=\"100%\" height=\"200\" frameborder=\"0\" allowfullscreen=\"allowfullscreen\"><\/iframe><\/td>\n<\/tr>\n<tr>\n<td style=\"padding: 5px;\"><iframe src=\"https:\/\/www.youtube.com\/embed\/ZxtS_vtz7hk\" width=\"100%\" height=\"200\" frameborder=\"0\" allowfullscreen=\"allowfullscreen\"><\/iframe><\/td>\n<\/tr>\n<tr>\n<td style=\"padding: 5px;\"><iframe src=\"https:\/\/www.youtube.com\/embed\/63S4dIPfdaQ\" width=\"100%\" height=\"200\" frameborder=\"0\" allowfullscreen=\"allowfullscreen\"><\/iframe><\/td>\n<\/tr>\n<\/tbody>\n<\/table>\n","protected":false},"excerpt":{"rendered":"<p>SCREEN\u00a0 SCREEN ofrece una amplia gama de soluciones para las artes gr\u00e1ficas, abarcando diversos mercados de impresi\u00f3n con un enfoque en la alta velocidad, la calidad y la eficiencia. Impresi\u00f3n de alta velocidad en inyecci\u00f3n de tinta: Impresoras SCREEN Truepress 520 y Truepress 560: Reconocidas por su velocidad sin igual, calidad de imagen excepcional y [&hellip;]<\/p>\n","protected":false},"featured_media":586,"comment_status":"open","ping_status":"closed","template":"","meta":[],"product_cat":[17],"product_tag":[],"_links":{"self":[{"href":"https:\/\/oms.com.mx\/index.php\/wp-json\/wp\/v2\/product\/151"}],"collection":[{"href":"https:\/\/oms.com.mx\/index.php\/wp-json\/wp\/v2\/product"}],"about":[{"href":"https:\/\/oms.com.mx\/index.php\/wp-json\/wp\/v2\/types\/product"}],"replies":[{"embeddable":true,"href":"https:\/\/oms.com.mx\/index.php\/wp-json\/wp\/v2\/comments?post=151"}],"wp:featuredmedia":[{"embeddable":true,"href":"https:\/\/oms.com.mx\/index.php\/wp-json\/wp\/v2\/media\/586"}],"wp:attachment":[{"href":"https:\/\/oms.com.mx\/index.php\/wp-json\/wp\/v2\/media?parent=151"}],"wp:term":[{"taxonomy":"product_cat","embeddable":true,"href":"https:\/\/oms.com.mx\/index.php\/wp-json\/wp\/v2\/product_cat?post=151"},{"taxonomy":"product_tag","embeddable":true,"href":"https:\/\/oms.com.mx\/index.php\/wp-json\/wp\/v2\/product_tag?post=151"}],"curies":[{"name":"wp","href":"https:\/\/api.w.org\/{rel}","templated":true}]}}