{"id":144,"date":"2024-06-18T21:50:21","date_gmt":"2024-06-18T21:50:21","guid":{"rendered":"https:\/\/oms.com.mx\/?post_type=product&#038;p=144"},"modified":"2025-04-08T20:25:15","modified_gmt":"2025-04-08T20:25:15","slug":"equipo-oce","status":"publish","type":"product","link":"https:\/\/oms.com.mx\/index.php\/product\/equipo-oce\/","title":{"rendered":"EQUIPO OC\u00c9 FORMA CONTINUA DE T\u00d3NER"},"content":{"rendered":"<p><span class=\"TextRun SCXW124006784 BCX0\" lang=\"ES-MX\" xml:lang=\"ES-MX\" data-contrast=\"auto\"><span class=\"NormalTextRun SCXW124006784 BCX0\">En OMS,<\/span><span class=\"NormalTextRun SCXW124006784 BCX0\"> proveemos servicios para mantener operativos<\/span><span class=\"NormalTextRun SCXW124006784 BCX0\"> equipos de impresi\u00f3n <\/span><span class=\"NormalTextRun SpellingErrorV2Themed SCXW124006784 BCX0\">Oc\u00e9<\/span><span class=\"NormalTextRun SCXW124006784 BCX0\">. Ofrecemos una amplia gama de servicios para garantizar que sus equipos <\/span><span class=\"NormalTextRun SpellingErrorV2Themed SCXW124006784 BCX0\">VarioStream<\/span><span class=\"NormalTextRun SCXW124006784 BCX0\"> 7000, <\/span><span class=\"NormalTextRun SpellingErrorV2Themed SCXW124006784 BCX0\">VarioStream<\/span><span class=\"NormalTextRun SCXW124006784 BCX0\"> 8000 y equipos asociados de pre y post proceso funcionen de manera \u00f3ptima y eficiente.<\/span><\/span><span class=\"EOP SCXW124006784 BCX0\" data-ccp-props=\"{&quot;201341983&quot;:0,&quot;335559685&quot;:720,&quot;335559739&quot;:160,&quot;335559740&quot;:259}\">\u00a0<\/span><\/p>\n<p><b><span data-contrast=\"auto\">Soporte t\u00e9cnico continuo:<\/span><\/b><span data-ccp-props=\"{&quot;201341983&quot;:0,&quot;335559685&quot;:720,&quot;335559739&quot;:160,&quot;335559740&quot;:259}\">\u00a0<\/span><\/p>\n<ul>\n<li data-leveltext=\"\uf0b7\" data-font=\"Symbol\" data-listid=\"26\" data-list-defn-props=\"{&quot;335552541&quot;:1,&quot;335559685&quot;:720,&quot;335559991&quot;:360,&quot;469769226&quot;:&quot;Symbol&quot;,&quot;469769242&quot;:[8226],&quot;469777803&quot;:&quot;left&quot;,&quot;469777804&quot;:&quot;\uf0b7&quot;,&quot;469777815&quot;:&quot;multilevel&quot;}\" aria-setsize=\"-1\" data-aria-posinset=\"1\" data-aria-level=\"1\"><b><span data-contrast=\"auto\">Soporte telef\u00f3nico:<\/span><\/b><span data-contrast=\"auto\"> Nuestro equipo de t\u00e9cnicos expertos est\u00e1 disponible para atender sus consultas por tel\u00e9fono, brind\u00e1ndole asistencia inmediata para resolver problemas t\u00e9cnicos.<\/span><span data-ccp-props=\"{&quot;201341983&quot;:0,&quot;335559739&quot;:160,&quot;335559740&quot;:259}\">\u00a0<\/span><\/li>\n<\/ul>\n<ul>\n<li data-leveltext=\"\uf0b7\" data-font=\"Symbol\" data-listid=\"26\" data-list-defn-props=\"{&quot;335552541&quot;:1,&quot;335559685&quot;:720,&quot;335559991&quot;:360,&quot;469769226&quot;:&quot;Symbol&quot;,&quot;469769242&quot;:[8226],&quot;469777803&quot;:&quot;left&quot;,&quot;469777804&quot;:&quot;\uf0b7&quot;,&quot;469777815&quot;:&quot;multilevel&quot;}\" aria-setsize=\"-1\" data-aria-posinset=\"2\" data-aria-level=\"1\"><b><span data-contrast=\"auto\">Soporte remoto:<\/span><\/b><span data-contrast=\"auto\"> Ofrecemos soporte remoto para diagnosticar y solucionar problemas de manera r\u00e1pida y eficiente, sin necesidad de visitas presenciales.<\/span><span data-ccp-props=\"{&quot;201341983&quot;:0,&quot;335559739&quot;:160,&quot;335559740&quot;:259}\">\u00a0<\/span><\/li>\n<\/ul>\n<ul>\n<li data-leveltext=\"\uf0b7\" data-font=\"Symbol\" data-listid=\"26\" data-list-defn-props=\"{&quot;335552541&quot;:1,&quot;335559685&quot;:720,&quot;335559991&quot;:360,&quot;469769226&quot;:&quot;Symbol&quot;,&quot;469769242&quot;:[8226],&quot;469777803&quot;:&quot;left&quot;,&quot;469777804&quot;:&quot;\uf0b7&quot;,&quot;469777815&quot;:&quot;multilevel&quot;}\" aria-setsize=\"-1\" data-aria-posinset=\"3\" data-aria-level=\"1\"><b><span data-contrast=\"auto\">Soporte en sitio:<\/span><\/b><span data-contrast=\"auto\"> Para problemas m\u00e1s complejos, contamos con t\u00e9cnicos capacitados que pueden visitar su ubicaci\u00f3n para brindar asistencia t\u00e9cnica en persona.<\/span><span data-ccp-props=\"{&quot;201341983&quot;:0,&quot;335559739&quot;:160,&quot;335559740&quot;:259}\">\u00a0<\/span><\/li>\n<\/ul>\n<p><b><span data-contrast=\"auto\">Mantenimiento preventivo:<\/span><\/b><span data-ccp-props=\"{&quot;201341983&quot;:0,&quot;335559685&quot;:720,&quot;335559739&quot;:160,&quot;335559740&quot;:259}\">\u00a0<\/span><\/p>\n<ul>\n<li data-leveltext=\"\uf0b7\" data-font=\"Symbol\" data-listid=\"27\" data-list-defn-props=\"{&quot;335552541&quot;:1,&quot;335559685&quot;:720,&quot;335559991&quot;:360,&quot;469769226&quot;:&quot;Symbol&quot;,&quot;469769242&quot;:[8226],&quot;469777803&quot;:&quot;left&quot;,&quot;469777804&quot;:&quot;\uf0b7&quot;,&quot;469777815&quot;:&quot;multilevel&quot;}\" aria-setsize=\"-1\" data-aria-posinset=\"1\" data-aria-level=\"1\"><b><span data-contrast=\"auto\">Planes de mantenimiento personalizados:<\/span><\/b><span data-contrast=\"auto\"> Creamos planes de mantenimiento preventivo personalizados para cada equipo, asegurando su buen funcionamiento y previniendo fallas futuras.<\/span><span data-ccp-props=\"{&quot;201341983&quot;:0,&quot;335559739&quot;:160,&quot;335559740&quot;:259}\">\u00a0<\/span><\/li>\n<\/ul>\n<ul>\n<li data-leveltext=\"\uf0b7\" data-font=\"Symbol\" data-listid=\"27\" data-list-defn-props=\"{&quot;335552541&quot;:1,&quot;335559685&quot;:720,&quot;335559991&quot;:360,&quot;469769226&quot;:&quot;Symbol&quot;,&quot;469769242&quot;:[8226],&quot;469777803&quot;:&quot;left&quot;,&quot;469777804&quot;:&quot;\uf0b7&quot;,&quot;469777815&quot;:&quot;multilevel&quot;}\" aria-setsize=\"-1\" data-aria-posinset=\"2\" data-aria-level=\"1\"><b><span data-contrast=\"auto\">Inspecciones regulares:<\/span><\/b><span data-contrast=\"auto\"> Realizamos inspecciones regulares para identificar y solucionar posibles problemas antes de que causen interrupciones en su producci\u00f3n.<\/span><span data-ccp-props=\"{&quot;201341983&quot;:0,&quot;335559739&quot;:160,&quot;335559740&quot;:259}\">\u00a0<\/span><\/li>\n<\/ul>\n<ul>\n<li data-leveltext=\"\uf0b7\" data-font=\"Symbol\" data-listid=\"27\" data-list-defn-props=\"{&quot;335552541&quot;:1,&quot;335559685&quot;:720,&quot;335559991&quot;:360,&quot;469769226&quot;:&quot;Symbol&quot;,&quot;469769242&quot;:[8226],&quot;469777803&quot;:&quot;left&quot;,&quot;469777804&quot;:&quot;\uf0b7&quot;,&quot;469777815&quot;:&quot;multilevel&quot;}\" aria-setsize=\"-1\" data-aria-posinset=\"3\" data-aria-level=\"1\"><b><span data-contrast=\"auto\">Actualizaciones de software:<\/span><\/b><span data-contrast=\"auto\"> Mantenemos sus equipos actualizados con el \u00faltimo software de Oc\u00e9, garantizando un rendimiento \u00f3ptimo y acceso a las \u00faltimas funciones.<\/span><span data-ccp-props=\"{&quot;201341983&quot;:0,&quot;335559739&quot;:160,&quot;335559740&quot;:259}\">\u00a0<\/span><\/li>\n<\/ul>\n<p><b><span data-contrast=\"auto\">Soluciones para equipos asociados:<\/span><\/b><span data-ccp-props=\"{&quot;201341983&quot;:0,&quot;335559685&quot;:720,&quot;335559739&quot;:160,&quot;335559740&quot;:259}\">\u00a0<\/span><\/p>\n<ul>\n<li data-leveltext=\"\uf0b7\" data-font=\"Symbol\" data-listid=\"28\" data-list-defn-props=\"{&quot;335552541&quot;:1,&quot;335559685&quot;:720,&quot;335559991&quot;:360,&quot;469769226&quot;:&quot;Symbol&quot;,&quot;469769242&quot;:[8226],&quot;469777803&quot;:&quot;left&quot;,&quot;469777804&quot;:&quot;\uf0b7&quot;,&quot;469777815&quot;:&quot;multilevel&quot;}\" aria-setsize=\"-1\" data-aria-posinset=\"1\" data-aria-level=\"1\"><b><span data-contrast=\"auto\">Soporte para equipos Hunkeler, Tecnau y Spedo:<\/span><\/b><span data-contrast=\"auto\"> Brindamos soporte t\u00e9cnico para una amplia gama de equipos asociados de pre y post proceso, como plegadoras, guillotinas y sistemas de ensobrado.<\/span><span data-ccp-props=\"{&quot;201341983&quot;:0,&quot;335559739&quot;:160,&quot;335559740&quot;:259}\">\u00a0<\/span><\/li>\n<\/ul>\n<ul>\n<li data-leveltext=\"\uf0b7\" data-font=\"Symbol\" data-listid=\"28\" data-list-defn-props=\"{&quot;335552541&quot;:1,&quot;335559685&quot;:720,&quot;335559991&quot;:360,&quot;469769226&quot;:&quot;Symbol&quot;,&quot;469769242&quot;:[8226],&quot;469777803&quot;:&quot;left&quot;,&quot;469777804&quot;:&quot;\uf0b7&quot;,&quot;469777815&quot;:&quot;multilevel&quot;}\" aria-setsize=\"-1\" data-aria-posinset=\"2\" data-aria-level=\"1\"><b><span data-contrast=\"auto\">Integraci\u00f3n de sistemas:<\/span><\/b><span data-contrast=\"auto\"> Integramos sus equipos Oc\u00e9 con otros sistemas de impresi\u00f3n y acabado para optimizar su flujo de trabajo y mejorar la eficiencia<\/span><span data-ccp-props=\"{&quot;201341983&quot;:0,&quot;335559739&quot;:160,&quot;335559740&quot;:259}\">\u00a0<\/span><\/li>\n<\/ul>\n","protected":false},"excerpt":{"rendered":"<p>En OMS, proveemos servicios para mantener operativos equipos de impresi\u00f3n Oc\u00e9. Ofrecemos una amplia gama de servicios para garantizar que sus equipos VarioStream 7000, VarioStream 8000 y equipos asociados de pre y post proceso funcionen de manera \u00f3ptima y eficiente.\u00a0 Soporte t\u00e9cnico continuo:\u00a0 Soporte telef\u00f3nico: Nuestro equipo de t\u00e9cnicos expertos est\u00e1 disponible para atender sus [&hellip;]<\/p>\n","protected":false},"featured_media":584,"comment_status":"open","ping_status":"closed","template":"","meta":[],"product_cat":[17],"product_tag":[],"_links":{"self":[{"href":"https:\/\/oms.com.mx\/index.php\/wp-json\/wp\/v2\/product\/144"}],"collection":[{"href":"https:\/\/oms.com.mx\/index.php\/wp-json\/wp\/v2\/product"}],"about":[{"href":"https:\/\/oms.com.mx\/index.php\/wp-json\/wp\/v2\/types\/product"}],"replies":[{"embeddable":true,"href":"https:\/\/oms.com.mx\/index.php\/wp-json\/wp\/v2\/comments?post=144"}],"wp:featuredmedia":[{"embeddable":true,"href":"https:\/\/oms.com.mx\/index.php\/wp-json\/wp\/v2\/media\/584"}],"wp:attachment":[{"href":"https:\/\/oms.com.mx\/index.php\/wp-json\/wp\/v2\/media?parent=144"}],"wp:term":[{"taxonomy":"product_cat","embeddable":true,"href":"https:\/\/oms.com.mx\/index.php\/wp-json\/wp\/v2\/product_cat?post=144"},{"taxonomy":"product_tag","embeddable":true,"href":"https:\/\/oms.com.mx\/index.php\/wp-json\/wp\/v2\/product_tag?post=144"}],"curies":[{"name":"wp","href":"https:\/\/api.w.org\/{rel}","templated":true}]}}