{"id":16,"date":"2024-06-13T19:58:33","date_gmt":"2024-06-13T19:58:33","guid":{"rendered":"https:\/\/oms.com.mx\/?page_id=16"},"modified":"2024-06-19T23:44:28","modified_gmt":"2024-06-19T23:44:28","slug":"mantenimiento","status":"publish","type":"page","link":"https:\/\/oms.com.mx\/index.php\/mantenimiento\/","title":{"rendered":"Mantenimiento"},"content":{"rendered":"\t\t<div data-elementor-type=\"wp-page\" data-elementor-id=\"16\" class=\"elementor elementor-16\" data-elementor-post-type=\"page\">\n\t\t\t\t<div class=\"elementor-element elementor-element-3f635260 e-con-full e-flex e-con e-parent\" data-id=\"3f635260\" data-element_type=\"container\" data-settings=\"{&quot;background_background&quot;:&quot;classic&quot;}\">\n\t\t\t\t<div class=\"elementor-element elementor-element-3a6aa5a elementor-widget__width-initial elementor-widget-tablet__width-initial elementor-widget elementor-widget-image\" data-id=\"3a6aa5a\" data-element_type=\"widget\" data-widget_type=\"image.default\">\n\t\t\t\t<div class=\"elementor-widget-container\">\n\t\t\t<style>\/*! elementor - v3.21.0 - 26-05-2024 *\/\n.elementor-widget-image{text-align:center}.elementor-widget-image a{display:inline-block}.elementor-widget-image a img[src$=\".svg\"]{width:48px}.elementor-widget-image img{vertical-align:middle;display:inline-block}<\/style>\t\t\t\t\t\t\t\t\t\t<img fetchpriority=\"high\" decoding=\"async\" width=\"683\" height=\"1024\" src=\"https:\/\/oms.com.mx\/wp-content\/uploads\/2024\/06\/ready-to-get-you-back-online-2024-01-16-01-35-52-utc-1-683x1024.jpg\" class=\"attachment-large size-large wp-image-266\" alt=\"\" srcset=\"https:\/\/oms.com.mx\/wp-content\/uploads\/2024\/06\/ready-to-get-you-back-online-2024-01-16-01-35-52-utc-1-683x1024.jpg 683w, https:\/\/oms.com.mx\/wp-content\/uploads\/2024\/06\/ready-to-get-you-back-online-2024-01-16-01-35-52-utc-1-200x300.jpg 200w, https:\/\/oms.com.mx\/wp-content\/uploads\/2024\/06\/ready-to-get-you-back-online-2024-01-16-01-35-52-utc-1-768x1151.jpg 768w, https:\/\/oms.com.mx\/wp-content\/uploads\/2024\/06\/ready-to-get-you-back-online-2024-01-16-01-35-52-utc-1-600x899.jpg 600w, https:\/\/oms.com.mx\/wp-content\/uploads\/2024\/06\/ready-to-get-you-back-online-2024-01-16-01-35-52-utc-1.jpg 800w\" sizes=\"(max-width: 683px) 100vw, 683px\" \/>\t\t\t\t\t\t\t\t\t\t\t\t\t<\/div>\n\t\t\t\t<\/div>\n\t\t<div class=\"elementor-element elementor-element-68c019bb e-con-full e-flex e-con e-child\" data-id=\"68c019bb\" data-element_type=\"container\">\n\t\t\t\t<div class=\"elementor-element elementor-element-404841f4 animated-slow elementor-invisible elementor-widget elementor-widget-heading\" data-id=\"404841f4\" data-element_type=\"widget\" data-settings=\"{&quot;_animation&quot;:&quot;slideInUp&quot;}\" data-widget_type=\"heading.default\">\n\t\t\t\t<div class=\"elementor-widget-container\">\n\t\t\t<style>\/*! elementor - v3.21.0 - 26-05-2024 *\/\n.elementor-heading-title{padding:0;margin:0;line-height:1}.elementor-widget-heading .elementor-heading-title[class*=elementor-size-]>a{color:inherit;font-size:inherit;line-height:inherit}.elementor-widget-heading .elementor-heading-title.elementor-size-small{font-size:15px}.elementor-widget-heading .elementor-heading-title.elementor-size-medium{font-size:19px}.elementor-widget-heading .elementor-heading-title.elementor-size-large{font-size:29px}.elementor-widget-heading .elementor-heading-title.elementor-size-xl{font-size:39px}.elementor-widget-heading .elementor-heading-title.elementor-size-xxl{font-size:59px}<\/style><h2 class=\"elementor-heading-title elementor-size-default\">Nuestro sitio web est\u00e1 en construcci\u00f3n<\/h2>\t\t<\/div>\n\t\t\t\t<\/div>\n\t\t\t\t<div class=\"elementor-element elementor-element-7b8fb3de animated-slow elementor-invisible elementor-widget elementor-widget-heading\" data-id=\"7b8fb3de\" data-element_type=\"widget\" data-settings=\"{&quot;_animation&quot;:&quot;slideInUp&quot;}\" data-widget_type=\"heading.default\">\n\t\t\t\t<div class=\"elementor-widget-container\">\n\t\t\t<h2 class=\"elementor-heading-title elementor-size-default\">El sitio estar\u00e1 listo pronto<\/h2>\t\t<\/div>\n\t\t\t\t<\/div>\n\t\t\t\t<\/div>\n\t\t\t\t<div class=\"elementor-element elementor-element-3e06ae82 elementor-widget__width-initial elementor-widget-tablet__width-initial elementor-widget elementor-widget-image\" data-id=\"3e06ae82\" data-element_type=\"widget\" data-widget_type=\"image.default\">\n\t\t\t\t<div class=\"elementor-widget-container\">\n\t\t\t\t\t\t\t\t\t\t\t\t\t<img decoding=\"async\" width=\"683\" height=\"1024\" src=\"https:\/\/oms.com.mx\/wp-content\/uploads\/2024\/06\/maintenance-and-repair-of-laptops-2023-11-27-05-17-06-utc.jpg-683x1024.jpg\" class=\"attachment-large size-large wp-image-267\" alt=\"\" srcset=\"https:\/\/oms.com.mx\/wp-content\/uploads\/2024\/06\/maintenance-and-repair-of-laptops-2023-11-27-05-17-06-utc.jpg-683x1024.jpg 683w, https:\/\/oms.com.mx\/wp-content\/uploads\/2024\/06\/maintenance-and-repair-of-laptops-2023-11-27-05-17-06-utc.jpg-200x300.jpg 200w, https:\/\/oms.com.mx\/wp-content\/uploads\/2024\/06\/maintenance-and-repair-of-laptops-2023-11-27-05-17-06-utc.jpg-768x1152.jpg 768w, https:\/\/oms.com.mx\/wp-content\/uploads\/2024\/06\/maintenance-and-repair-of-laptops-2023-11-27-05-17-06-utc.jpg-600x900.jpg 600w, https:\/\/oms.com.mx\/wp-content\/uploads\/2024\/06\/maintenance-and-repair-of-laptops-2023-11-27-05-17-06-utc.jpg.jpg 800w\" sizes=\"(max-width: 683px) 100vw, 683px\" \/>\t\t\t\t\t\t\t\t\t\t\t\t\t<\/div>\n\t\t\t\t<\/div>\n\t\t\t\t<\/div>\n\t\t\t\t<\/div>\n\t\t","protected":false},"excerpt":{"rendered":"<p>Nuestro sitio web est\u00e1 en construcci\u00f3n El sitio estar\u00e1 listo pronto<\/p>\n","protected":false},"author":1,"featured_media":0,"parent":0,"menu_order":0,"comment_status":"closed","ping_status":"closed","template":"elementor_canvas","meta":{"footnotes":""},"_links":{"self":[{"href":"https:\/\/oms.com.mx\/index.php\/wp-json\/wp\/v2\/pages\/16"}],"collection":[{"href":"https:\/\/oms.com.mx\/index.php\/wp-json\/wp\/v2\/pages"}],"about":[{"href":"https:\/\/oms.com.mx\/index.php\/wp-json\/wp\/v2\/types\/page"}],"author":[{"embeddable":true,"href":"https:\/\/oms.com.mx\/index.php\/wp-json\/wp\/v2\/users\/1"}],"replies":[{"embeddable":true,"href":"https:\/\/oms.com.mx\/index.php\/wp-json\/wp\/v2\/comments?post=16"}],"version-history":[{"count":10,"href":"https:\/\/oms.com.mx\/index.php\/wp-json\/wp\/v2\/pages\/16\/revisions"}],"predecessor-version":[{"id":270,"href":"https:\/\/oms.com.mx\/index.php\/wp-json\/wp\/v2\/pages\/16\/revisions\/270"}],"wp:attachment":[{"href":"https:\/\/oms.com.mx\/index.php\/wp-json\/wp\/v2\/media?parent=16"}],"curies":[{"name":"wp","href":"https:\/\/api.w.org\/{rel}","templated":true}]}}